{"id":105,"date":"2024-04-07T20:58:07","date_gmt":"2024-04-08T01:58:07","guid":{"rendered":"https:\/\/heygpa.com\/?page_id=105"},"modified":"2024-04-14T23:24:27","modified_gmt":"2024-04-15T04:24:27","slug":"precios","status":"publish","type":"page","link":"https:\/\/heygpa.com\/index.php\/precios\/","title":{"rendered":"Precios"},"content":{"rendered":"<p>[et_pb_section fb_built=&#8221;1&#8243; _builder_version=&#8221;4.23&#8243; _module_preset=&#8221;default&#8221; background_color=&#8221;rgba(12,154,242,0.45)&#8221; custom_padding=&#8221;16px||53px|||&#8221; global_colors_info=&#8221;{}&#8221;][et_pb_row _builder_version=&#8221;4.23&#8243; _module_preset=&#8221;default&#8221; global_colors_info=&#8221;{}&#8221;][et_pb_column type=&#8221;4_4&#8243; _builder_version=&#8221;4.23&#8243; _module_preset=&#8221;default&#8221; global_colors_info=&#8221;{}&#8221;][et_pb_text _builder_version=&#8221;4.23&#8243; _module_preset=&#8221;default&#8221; header_text_align=&#8221;center&#8221; header_text_color=&#8221;#FFFFFF&#8221; global_colors_info=&#8221;{}&#8221;]<\/p>\n<h1><strong>Precios<\/strong><\/h1>\n<p>[\/et_pb_text][\/et_pb_column][\/et_pb_row][\/et_pb_section][et_pb_section fb_built=&#8221;1&#8243; _builder_version=&#8221;4.23&#8243; _module_preset=&#8221;default&#8221; global_colors_info=&#8221;{}&#8221;][et_pb_row _builder_version=&#8221;4.23&#8243; _module_preset=&#8221;default&#8221; hover_enabled=&#8221;0&#8243; global_colors_info=&#8221;{}&#8221; sticky_enabled=&#8221;0&#8243;][et_pb_column type=&#8221;4_4&#8243; _builder_version=&#8221;4.23&#8243; _module_preset=&#8221;default&#8221; global_colors_info=&#8221;{}&#8221;][et_pb_pricing_tables header_background_color=&#8221;rgba(242,116,5,0.72)&#8221; _builder_version=&#8221;4.23&#8243; _module_preset=&#8221;default&#8221; header_level=&#8221;h3&#8243; hover_enabled=&#8221;0&#8243; price_text_color_last_edited=&#8221;off|desktop&#8221; global_colors_info=&#8221;{}&#8221; price_text_color__hover_enabled=&#8221;off|desktop&#8221; custom_padding=&#8221;||0px|||&#8221; custom_margin=&#8221;||24px|||&#8221; sticky_enabled=&#8221;0&#8243;][et_pb_pricing_table title=&#8221;B\u00e1sico&#8221; subtitle=&#8221;Subtitle goes Here&#8221; currency=&#8221;$&#8221; sum=&#8221;0.8 usd&#8221; _builder_version=&#8221;4.23&#8243; _module_preset=&#8221;default&#8221; hover_enabled=&#8221;0&#8243; global_colors_info=&#8221;{}&#8221; sticky_transition=&#8221;on&#8221; sticky_enabled=&#8221;0&#8243;]<\/p>\n<p>Funci\u00f3n N1<\/p>\n<p>Funci\u00f3n N2<\/p>\n<p>Funci\u00f3n N3<\/p>\n<p>&nbsp;<\/p>\n<p>&nbsp;<\/p>\n<p>&nbsp;<\/p>\n<p>&nbsp;<\/p>\n<p>&nbsp;<\/p>\n<p>[\/et_pb_pricing_table][et_pb_pricing_table title=&#8221;Medio&#8221; subtitle=&#8221;Subtitle goes Here&#8221; currency=&#8221;$&#8221; sum=&#8221;1.2 usd&#8221; _builder_version=&#8221;4.23&#8243; _module_preset=&#8221;default&#8221; global_colors_info=&#8221;{}&#8221; sticky_transition=&#8221;on&#8221;]<\/p>\n<p>Funci\u00f3n N1<\/p>\n<p>Funci\u00f3n N2<\/p>\n<p>Funci\u00f3n N3<\/p>\n<p>Funci\u00f3n N4<\/p>\n<p>&nbsp;<\/p>\n<p>&nbsp;<\/p>\n<p>[\/et_pb_pricing_table][et_pb_pricing_table title=&#8221;Premium&#8221; subtitle=&#8221;Subtitle goes Here&#8221; currency=&#8221;$&#8221; sum=&#8221;1.5 usd&#8221; _builder_version=&#8221;4.23&#8243; _module_preset=&#8221;default&#8221; hover_enabled=&#8221;0&#8243; global_colors_info=&#8221;{}&#8221; sticky_transition=&#8221;on&#8221; sticky_enabled=&#8221;0&#8243;]<\/p>\n<p>Funci\u00f3n N1<\/p>\n<p>Funci\u00f3n N2<\/p>\n<p>Funci\u00f3n N3<\/p>\n<p>Funci\u00f3n N4<\/p>\n<p>Funci\u00f3n N5<\/p>\n<p>&nbsp;<\/p>\n<p>&nbsp;<\/p>\n<p>&nbsp;<\/p>\n<p>[\/et_pb_pricing_table][\/et_pb_pricing_tables][\/et_pb_column][\/et_pb_row][\/et_pb_section]<\/p>\n","protected":false},"excerpt":{"rendered":"<p>PreciosFunci\u00f3n N1 Funci\u00f3n N2 Funci\u00f3n N3 &nbsp; &nbsp; &nbsp; &nbsp; &nbsp;Funci\u00f3n N1 Funci\u00f3n N2 Funci\u00f3n N3 Funci\u00f3n N4 &nbsp; &nbsp;Funci\u00f3n N1 Funci\u00f3n N2 Funci\u00f3n N3 Funci\u00f3n N4 Funci\u00f3n N5 &nbsp; &nbsp; &nbsp;<\/p>\n","protected":false},"author":1,"featured_media":0,"parent":0,"menu_order":0,"comment_status":"closed","ping_status":"closed","template":"","meta":{"_et_pb_use_builder":"on","_et_pb_old_content":"<!-- wp:divi\/placeholder \/-->","_et_gb_content_width":"","footnotes":""},"_links":{"self":[{"href":"https:\/\/heygpa.com\/index.php\/wp-json\/wp\/v2\/pages\/105"}],"collection":[{"href":"https:\/\/heygpa.com\/index.php\/wp-json\/wp\/v2\/pages"}],"about":[{"href":"https:\/\/heygpa.com\/index.php\/wp-json\/wp\/v2\/types\/page"}],"author":[{"embeddable":true,"href":"https:\/\/heygpa.com\/index.php\/wp-json\/wp\/v2\/users\/1"}],"replies":[{"embeddable":true,"href":"https:\/\/heygpa.com\/index.php\/wp-json\/wp\/v2\/comments?post=105"}],"version-history":[{"count":10,"href":"https:\/\/heygpa.com\/index.php\/wp-json\/wp\/v2\/pages\/105\/revisions"}],"predecessor-version":[{"id":132,"href":"https:\/\/heygpa.com\/index.php\/wp-json\/wp\/v2\/pages\/105\/revisions\/132"}],"wp:attachment":[{"href":"https:\/\/heygpa.com\/index.php\/wp-json\/wp\/v2\/media?parent=105"}],"curies":[{"name":"wp","href":"https:\/\/api.w.org\/{rel}","templated":true}]}}