{"id":92,"date":"2024-04-07T20:53:34","date_gmt":"2024-04-08T01:53:34","guid":{"rendered":"https:\/\/heygpa.com\/?page_id=92"},"modified":"2024-04-14T23:56:12","modified_gmt":"2024-04-15T04:56:12","slug":"nuestros-programas","status":"publish","type":"page","link":"https:\/\/heygpa.com\/index.php\/nuestros-programas\/","title":{"rendered":"Nuestros programas"},"content":{"rendered":"<p>[et_pb_section fb_built=&#8221;1&#8243; _builder_version=&#8221;4.23&#8243; _module_preset=&#8221;default&#8221; background_color=&#8221;rgba(12,154,242,0.45)&#8221; custom_padding=&#8221;16px||53px|||&#8221; global_colors_info=&#8221;{}&#8221;][et_pb_row _builder_version=&#8221;4.23&#8243; _module_preset=&#8221;default&#8221; global_colors_info=&#8221;{}&#8221;][et_pb_column type=&#8221;4_4&#8243; _builder_version=&#8221;4.23&#8243; _module_preset=&#8221;default&#8221; global_colors_info=&#8221;{}&#8221;][et_pb_text _builder_version=&#8221;4.23&#8243; _module_preset=&#8221;default&#8221; header_text_align=&#8221;center&#8221; header_text_color=&#8221;#FFFFFF&#8221; global_colors_info=&#8221;{}&#8221;]<\/p>\n<h1><strong>Nuestros programas<\/strong><\/h1>\n<p>[\/et_pb_text][\/et_pb_column][\/et_pb_row][\/et_pb_section][et_pb_section fb_built=&#8221;1&#8243; _builder_version=&#8221;4.23&#8243; _module_preset=&#8221;default&#8221; global_colors_info=&#8221;{}&#8221;][et_pb_row column_structure=&#8221;1_3,1_3,1_3&#8243; _builder_version=&#8221;4.23&#8243; _module_preset=&#8221;default&#8221; global_colors_info=&#8221;{}&#8221;][et_pb_column type=&#8221;1_3&#8243; _builder_version=&#8221;4.23&#8243; _module_preset=&#8221;default&#8221; global_colors_info=&#8221;{}&#8221;][et_pb_image src=&#8221;https:\/\/heygpa.com\/wp-content\/uploads\/2024\/04\/algunas-iniciativas-buscan-superar-la-brecha-digital-en-personas-mayores.jpg&#8221; title_text=&#8221;algunas-iniciativas-buscan-superar-la-brecha-digital-en-personas-mayores&#8221; _builder_version=&#8221;4.23&#8243; _module_preset=&#8221;default&#8221; border_radii=&#8221;on|5px|5px|5px|5px&#8221; global_colors_info=&#8221;{}&#8221;][\/et_pb_image][et_pb_text _builder_version=&#8221;4.23&#8243; _module_preset=&#8221;default&#8221; global_colors_info=&#8221;{}&#8221;]<\/p>\n<p><span>Sum\u00e9rgete en el fascinante mundo de la tecnolog\u00eda con nuestro Programa B\u00e1sico, una puerta de entrada perfecta para aquellos que desean adentrarse en el universo digital. Desde aprender los conceptos b\u00e1sicos de tecnolog\u00edas digitales hasta dominar el uso de computadoras, navegaci\u00f3n en Internet, comunicaci\u00f3n digital y seguridad en tecnolog\u00eda, este programa te brindar\u00e1 una base s\u00f3lida para desenvolverte con confianza en el entorno tecnol\u00f3gico actual. Con un enfoque accesible, te ofrecemos la oportunidad de adquirir habilidades fundamentales de manera amena y efectiva.<\/span><\/p>\n<p>[\/et_pb_text][et_pb_button button_url=&#8221;https:\/\/heygpa.com\/index.php\/precios\/&#8221; button_text=&#8221;Ver precios&#8221; _builder_version=&#8221;4.23&#8243; _module_preset=&#8221;default&#8221; custom_button=&#8221;on&#8221; button_text_color=&#8221;#FFFFFF&#8221; button_bg_color=&#8221;#0C71C3&#8243; button_border_color=&#8221;#0C71C3&#8243; button_border_radius=&#8221;5px&#8221; global_colors_info=&#8221;{}&#8221; button_border_color__hover_enabled=&#8221;on|desktop&#8221; button_bg_color__hover_enabled=&#8221;on|hover&#8221; button_text_color__hover_enabled=&#8221;on|hover&#8221; button_bg_color__hover=&#8221;RGBA(255,255,255,0)&#8221; button_bg_enable_color__hover=&#8221;on&#8221; button_text_color__hover=&#8221;#0C71C3&#8243; button_border_color__hover=&#8221;#0C71C3&#8243;][\/et_pb_button][\/et_pb_column][et_pb_column type=&#8221;1_3&#8243; _builder_version=&#8221;4.23&#8243; _module_preset=&#8221;default&#8221; global_colors_info=&#8221;{}&#8221;][et_pb_image src=&#8221;https:\/\/heygpa.com\/wp-content\/uploads\/2024\/04\/adultos-mayores-computadora.webp&#8221; title_text=&#8221;adultos-mayores-computadora&#8221; _builder_version=&#8221;4.23&#8243; _module_preset=&#8221;default&#8221; border_radii=&#8221;on|5px|5px|5px|5px&#8221; global_colors_info=&#8221;{}&#8221;][\/et_pb_image][et_pb_text _builder_version=&#8221;4.23&#8243; _module_preset=&#8221;default&#8221; global_colors_info=&#8221;{}&#8221;]<\/p>\n<p><span>Avanza hacia un nivel superior de competencia tecnol\u00f3gica con nuestro Programa Medio, dise\u00f1ado para aquellos que buscan expandir sus conocimientos y habilidades en el \u00e1mbito digital. Desde el fortalecimiento de la seguridad en l\u00ednea hasta el desarrollo de aplicaciones m\u00f3viles, el marketing digital, el an\u00e1lisis de datos, la inteligencia artificial y el dise\u00f1o de experiencia de usuario. Te brindamos la oportunidad de explorar y dominar \u00e1reas clave de la tecnolog\u00eda que te impulsar\u00e1n hacia el \u00e9xito en un mundo cada vez m\u00e1s digitalizado.<\/span><\/p>\n<p>[\/et_pb_text][et_pb_button button_url=&#8221;https:\/\/heygpa.com\/index.php\/precios\/&#8221; button_text=&#8221;Ver precios&#8221; _builder_version=&#8221;4.23&#8243; _module_preset=&#8221;default&#8221; custom_button=&#8221;on&#8221; button_text_color=&#8221;#FFFFFF&#8221; button_bg_color=&#8221;#0C71C3&#8243; button_border_color=&#8221;#0C71C3&#8243; button_border_radius=&#8221;5px&#8221; global_colors_info=&#8221;{}&#8221; button_border_color__hover_enabled=&#8221;on|desktop&#8221; button_bg_color__hover_enabled=&#8221;on|hover&#8221; button_text_color__hover_enabled=&#8221;on|hover&#8221; button_bg_color__hover=&#8221;RGBA(255,255,255,0)&#8221; button_bg_enable_color__hover=&#8221;on&#8221; button_text_color__hover=&#8221;#0C71C3&#8243; button_border_color__hover=&#8221;#0C71C3&#8243;][\/et_pb_button][\/et_pb_column][et_pb_column type=&#8221;1_3&#8243; _builder_version=&#8221;4.23&#8243; _module_preset=&#8221;default&#8221; global_colors_info=&#8221;{}&#8221;][et_pb_image src=&#8221;https:\/\/heygpa.com\/wp-content\/uploads\/2024\/04\/mayores_internet_2.jpg&#8221; title_text=&#8221;mayores_internet_2&#8243; _builder_version=&#8221;4.23&#8243; _module_preset=&#8221;default&#8221; border_radii=&#8221;on|5px|5px|5px|5px&#8221; global_colors_info=&#8221;{}&#8221;][\/et_pb_image][et_pb_text _builder_version=&#8221;4.23&#8243; _module_preset=&#8221;default&#8221; global_colors_info=&#8221;{}&#8221;]<\/p>\n<p><span>\u00a0Alcanza la excelencia tecnol\u00f3gica con nuestro Programa Avanzado, dise\u00f1ado para aquellos que buscan destacarse en el panorama tecnol\u00f3gico actual. Desde el desarrollo avanzado de aplicaciones m\u00f3viles hasta el marketing digital, el an\u00e1lisis de datos, la inteligencia artificial, el dise\u00f1o de experiencia de usuario, la innovaci\u00f3n y el emprendimiento. Con un enfoque riguroso, te ofrecemos la oportunidad de adquirir un conocimiento profundo y especializado que te abrir\u00e1 las puertas a oportunidades emocionantes y gratificantes en el mundo de la tecnolog\u00eda.<\/span><\/p>\n<p>[\/et_pb_text][et_pb_button button_url=&#8221;https:\/\/heygpa.com\/index.php\/precios\/&#8221; button_text=&#8221;Ver precios&#8221; _builder_version=&#8221;4.23&#8243; _module_preset=&#8221;default&#8221; custom_button=&#8221;on&#8221; button_text_color=&#8221;#FFFFFF&#8221; button_bg_color=&#8221;#0C71C3&#8243; button_border_color=&#8221;#0C71C3&#8243; button_border_radius=&#8221;5px&#8221; global_colors_info=&#8221;{}&#8221; button_border_color__hover_enabled=&#8221;on|desktop&#8221; button_bg_color__hover_enabled=&#8221;on|hover&#8221; button_text_color__hover_enabled=&#8221;on|hover&#8221; button_bg_color__hover=&#8221;RGBA(255,255,255,0)&#8221; button_bg_enable_color__hover=&#8221;on&#8221; button_text_color__hover=&#8221;#0C71C3&#8243; button_border_color__hover=&#8221;#0C71C3&#8243;][\/et_pb_button][\/et_pb_column][\/et_pb_row][\/et_pb_section]<\/p>\n","protected":false},"excerpt":{"rendered":"<p>Nuestros programasSum\u00e9rgete en el fascinante mundo de la tecnolog\u00eda con nuestro Programa B\u00e1sico, una puerta de entrada perfecta para aquellos que desean adentrarse en el universo digital. Desde aprender los conceptos b\u00e1sicos de tecnolog\u00edas digitales hasta dominar el uso de computadoras, navegaci\u00f3n en Internet, comunicaci\u00f3n digital y seguridad en tecnolog\u00eda, este programa te brindar\u00e1 una [&hellip;]<\/p>\n","protected":false},"author":1,"featured_media":0,"parent":0,"menu_order":0,"comment_status":"closed","ping_status":"closed","template":"","meta":{"_et_pb_use_builder":"on","_et_pb_old_content":"<!-- wp:divi\/placeholder \/-->","_et_gb_content_width":"","footnotes":""},"_links":{"self":[{"href":"https:\/\/heygpa.com\/index.php\/wp-json\/wp\/v2\/pages\/92"}],"collection":[{"href":"https:\/\/heygpa.com\/index.php\/wp-json\/wp\/v2\/pages"}],"about":[{"href":"https:\/\/heygpa.com\/index.php\/wp-json\/wp\/v2\/types\/page"}],"author":[{"embeddable":true,"href":"https:\/\/heygpa.com\/index.php\/wp-json\/wp\/v2\/users\/1"}],"replies":[{"embeddable":true,"href":"https:\/\/heygpa.com\/index.php\/wp-json\/wp\/v2\/comments?post=92"}],"version-history":[{"count":7,"href":"https:\/\/heygpa.com\/index.php\/wp-json\/wp\/v2\/pages\/92\/revisions"}],"predecessor-version":[{"id":147,"href":"https:\/\/heygpa.com\/index.php\/wp-json\/wp\/v2\/pages\/92\/revisions\/147"}],"wp:attachment":[{"href":"https:\/\/heygpa.com\/index.php\/wp-json\/wp\/v2\/media?parent=92"}],"curies":[{"name":"wp","href":"https:\/\/api.w.org\/{rel}","templated":true}]}}